{"id":12384,"date":"2016-07-27T12:38:03","date_gmt":"2016-07-27T10:38:03","guid":{"rendered":"https:\/\/si.orcaenergy.eu\/mein-konto\/"},"modified":"2023-01-28T09:12:19","modified_gmt":"2023-01-28T08:12:19","slug":"mein-konto","status":"publish","type":"page","link":"https:\/\/si.orcaenergy.eu\/de\/mein-konto\/","title":{"rendered":"Mein Konto"},"content":{"rendered":"<div class=\"wpb-content-wrapper\"><p>[vc_row css=\".vc_custom_1628759487018{margin-top: 40px !important;}\" _et_uniqid=\"et_custom_uniqid_new_6114e5b9934b5\"][vc_column][vc_custom_heading text=\"MEIN KONTO\" font_container=\"tag:h1|font_size:24|text_align:center|color:%23005266\" google_fonts=\"font_family:Roboto%20Condensed%3A300%2C300italic%2Cregular%2Citalic%2C700%2C700italic|font_style:700%20bold%20regular%3A700%3Anormal\"][vc_separator color=\"custom\" el_width=\"10\" accent_color=\"#009ec2\"][\/vc_column][\/vc_row][vc_row _et_uniqid=\"et_custom_uniqid_new_6114e5c190477\"][vc_column width=\"1\/4\"][\/vc_column][vc_column width=\"1\/2\"][vc_column_text]<\/p>\n<p style=\"text-align: center;\"><span style=\"font-size: 18px;\">Alles, was Monteure brauchen, um ihre Arbeit qualit\u00e4tsvoll zu erledigen.<\/span><\/p>\n<p>[\/vc_column_text][\/vc_column][vc_column width=\"1\/4\"][\/vc_column][\/vc_row][vc_row][vc_column][vc_separator][\/vc_column][\/vc_row][vc_row][vc_column width=\"1\/2\" _et_uniqid=\"et_custom_uniqid_new_6114dd4df346e\" box_shadow_h=\"1px\"][vc_column_text]<\/p>\n<h3 style=\"text-align: center;\">Anmeldung f\u00fcr Bereits registrierte Monteure<\/h3>\n<p>&nbsp;<\/p>\n<p style=\"text-align: center;\"><a target=\"_self\" class=\"btn big white\" href=\"https:\/\/si.orcaenergy.eu\/wp-login.php\"><span> ANMELDUNG<\/span><\/a><\/p>\n<p>[\/vc_column_text][\/vc_column][vc_column width=\"1\/2\"][vc_column_text]<\/p>\n<h3 style=\"text-align: center;\">Registrierung f\u00fcr neue Monteure<\/h3>\n<p>&nbsp;<\/p>\n<p style=\"text-align: center;\"><a target=\"_self\" class=\"btn big white\" href=\"https:\/\/si.orcaenergy.eu\/wp-login.php?action=register\"><span> REGISTRIERUNG<\/span><\/a><\/p>\n<p>&nbsp;<\/p>\n<p>*Die Anmeldung ist erst nach \u00dcberpr\u00fcfung der Registrierung und nach der Best\u00e4tigung, die Sie an Ihre E-Mail-Adresse erhalten, m\u00f6glich.<\/p>\n<p>[\/vc_column_text][\/vc_column][\/vc_row][vc_row][vc_column][vc_empty_space height=\"40px\"][\/vc_column][\/vc_row]<\/p>\n<\/div>","protected":false},"excerpt":{"rendered":"<p>[vc_row css=&#8220;.vc_custom_1628759487018{margin-top: 40px !important;}&#8220; _et_uniqid=&#8220;et_custom_uniqid_new_6114e5b9934b5&#8243;][vc_column][vc_custom_heading text=&#8220;MEIN KONTO&#8220; font_container=&#8220;tag:h1|font_size:24|text_align:center|color:%23005266&#8243; google_fonts=&#8220;font_family:Roboto%20Condensed%3A300%2C300italic%2Cregular%2Citalic%2C700%2C700italic|font_style:700%20bold%20regular%3A700%3Anormal&#8220;][vc_separator color=&#8220;custom&#8220; el_width=&#8220;10&#8243; accent_color=&#8220;#009ec2&#8243;][\/vc_column][\/vc_row][vc_row _et_uniqid=&#8220;et_custom_uniqid_new_6114e5c190477&#8243;][vc_column width=&#8220;1\/4&#8243;][\/vc_column][vc_column width=&#8220;1\/2&#8243;][vc_column_text] Alles, was Monteure brauchen, um ihre Arbeit qualit\u00e4tsvoll zu erledigen&#8230;.<\/p>\n","protected":false},"author":1,"featured_media":0,"parent":0,"menu_order":0,"comment_status":"closed","ping_status":"closed","template":"","meta":{"footnotes":""},"class_list":["post-12384","page","type-page","status-publish","hentry"],"yoast_head":"<!-- This site is optimized with the Yoast SEO plugin v27.4 - https:\/\/yoast.com\/product\/yoast-seo-wordpress\/ -->\n<title>Mein Konto - Orca Energija<\/title>\n<meta name=\"robots\" content=\"noindex, follow\" \/>\n<meta property=\"og:locale\" content=\"de_DE\" \/>\n<meta property=\"og:type\" content=\"article\" \/>\n<meta property=\"og:title\" content=\"Mein Konto - Orca Energija\" \/>\n<meta property=\"og:description\" content=\"[vc_row css=&quot;.vc_custom_1628759487018{margin-top: 40px !important;}&quot; _et_uniqid=&quot;et_custom_uniqid_new_6114e5b9934b5&quot;][vc_column][vc_custom_heading text=&quot;MEIN KONTO&quot; font_container=&quot;tag:h1|font_size:24|text_align:center|color:%23005266&quot; google_fonts=&quot;font_family:Roboto%20Condensed%3A300%2C300italic%2Cregular%2Citalic%2C700%2C700italic|font_style:700%20bold%20regular%3A700%3Anormal&quot;][vc_separator color=&quot;custom&quot; el_width=&quot;10&quot; accent_color=&quot;#009ec2&quot;][\/vc_column][\/vc_row][vc_row _et_uniqid=&quot;et_custom_uniqid_new_6114e5c190477&quot;][vc_column width=&quot;1\/4&quot;][\/vc_column][vc_column width=&quot;1\/2&quot;][vc_column_text] Alles, was Monteure brauchen, um ihre Arbeit qualit\u00e4tsvoll zu erledigen....\" \/>\n<meta property=\"og:url\" content=\"https:\/\/si.orcaenergy.eu\/de\/mein-konto\/\" \/>\n<meta property=\"og:site_name\" content=\"Orca Energija\" \/>\n<meta property=\"article:modified_time\" content=\"2023-01-28T08:12:19+00:00\" \/>\n<meta name=\"twitter:card\" content=\"summary_large_image\" \/>\n<meta name=\"twitter:label1\" content=\"Gesch\u00e4tzte Lesezeit\" \/>\n\t<meta name=\"twitter:data1\" content=\"1\u00a0Minute\" \/>\n<script type=\"application\/ld+json\" class=\"yoast-schema-graph\">{\"@context\":\"https:\\\/\\\/schema.org\",\"@graph\":[{\"@type\":\"WebPage\",\"@id\":\"https:\\\/\\\/si.orcaenergy.eu\\\/de\\\/mein-konto\\\/\",\"url\":\"https:\\\/\\\/si.orcaenergy.eu\\\/de\\\/mein-konto\\\/\",\"name\":\"Mein Konto - Orca Energija\",\"isPartOf\":{\"@id\":\"https:\\\/\\\/si.orcaenergy.eu\\\/de\\\/#website\"},\"datePublished\":\"2016-07-27T10:38:03+00:00\",\"dateModified\":\"2023-01-28T08:12:19+00:00\",\"breadcrumb\":{\"@id\":\"https:\\\/\\\/si.orcaenergy.eu\\\/de\\\/mein-konto\\\/#breadcrumb\"},\"inLanguage\":\"de\",\"potentialAction\":[{\"@type\":\"ReadAction\",\"target\":[\"https:\\\/\\\/si.orcaenergy.eu\\\/de\\\/mein-konto\\\/\"]}]},{\"@type\":\"BreadcrumbList\",\"@id\":\"https:\\\/\\\/si.orcaenergy.eu\\\/de\\\/mein-konto\\\/#breadcrumb\",\"itemListElement\":[{\"@type\":\"ListItem\",\"position\":1,\"name\":\"Home\",\"item\":\"https:\\\/\\\/si.orcaenergy.eu\\\/de\\\/\"},{\"@type\":\"ListItem\",\"position\":2,\"name\":\"Mein Konto\"}]},{\"@type\":\"WebSite\",\"@id\":\"https:\\\/\\\/si.orcaenergy.eu\\\/de\\\/#website\",\"url\":\"https:\\\/\\\/si.orcaenergy.eu\\\/de\\\/\",\"name\":\"Orca Energija\",\"description\":\"Majhna sprememba. Veliki prihranki.\",\"potentialAction\":[{\"@type\":\"SearchAction\",\"target\":{\"@type\":\"EntryPoint\",\"urlTemplate\":\"https:\\\/\\\/si.orcaenergy.eu\\\/de\\\/?s={search_term_string}\"},\"query-input\":{\"@type\":\"PropertyValueSpecification\",\"valueRequired\":true,\"valueName\":\"search_term_string\"}}],\"inLanguage\":\"de\"}]}<\/script>\n<!-- \/ Yoast SEO plugin. -->","yoast_head_json":{"title":"Mein Konto - Orca Energija","robots":{"index":"noindex","follow":"follow"},"og_locale":"de_DE","og_type":"article","og_title":"Mein Konto - Orca Energija","og_description":"[vc_row css=\".vc_custom_1628759487018{margin-top: 40px !important;}\" _et_uniqid=\"et_custom_uniqid_new_6114e5b9934b5\"][vc_column][vc_custom_heading text=\"MEIN KONTO\" font_container=\"tag:h1|font_size:24|text_align:center|color:%23005266\" google_fonts=\"font_family:Roboto%20Condensed%3A300%2C300italic%2Cregular%2Citalic%2C700%2C700italic|font_style:700%20bold%20regular%3A700%3Anormal\"][vc_separator color=\"custom\" el_width=\"10\" accent_color=\"#009ec2\"][\/vc_column][\/vc_row][vc_row _et_uniqid=\"et_custom_uniqid_new_6114e5c190477\"][vc_column width=\"1\/4\"][\/vc_column][vc_column width=\"1\/2\"][vc_column_text] Alles, was Monteure brauchen, um ihre Arbeit qualit\u00e4tsvoll zu erledigen....","og_url":"https:\/\/si.orcaenergy.eu\/de\/mein-konto\/","og_site_name":"Orca Energija","article_modified_time":"2023-01-28T08:12:19+00:00","twitter_card":"summary_large_image","twitter_misc":{"Gesch\u00e4tzte Lesezeit":"1\u00a0Minute"},"schema":{"@context":"https:\/\/schema.org","@graph":[{"@type":"WebPage","@id":"https:\/\/si.orcaenergy.eu\/de\/mein-konto\/","url":"https:\/\/si.orcaenergy.eu\/de\/mein-konto\/","name":"Mein Konto - Orca Energija","isPartOf":{"@id":"https:\/\/si.orcaenergy.eu\/de\/#website"},"datePublished":"2016-07-27T10:38:03+00:00","dateModified":"2023-01-28T08:12:19+00:00","breadcrumb":{"@id":"https:\/\/si.orcaenergy.eu\/de\/mein-konto\/#breadcrumb"},"inLanguage":"de","potentialAction":[{"@type":"ReadAction","target":["https:\/\/si.orcaenergy.eu\/de\/mein-konto\/"]}]},{"@type":"BreadcrumbList","@id":"https:\/\/si.orcaenergy.eu\/de\/mein-konto\/#breadcrumb","itemListElement":[{"@type":"ListItem","position":1,"name":"Home","item":"https:\/\/si.orcaenergy.eu\/de\/"},{"@type":"ListItem","position":2,"name":"Mein Konto"}]},{"@type":"WebSite","@id":"https:\/\/si.orcaenergy.eu\/de\/#website","url":"https:\/\/si.orcaenergy.eu\/de\/","name":"Orca Energija","description":"Majhna sprememba. Veliki prihranki.","potentialAction":[{"@type":"SearchAction","target":{"@type":"EntryPoint","urlTemplate":"https:\/\/si.orcaenergy.eu\/de\/?s={search_term_string}"},"query-input":{"@type":"PropertyValueSpecification","valueRequired":true,"valueName":"search_term_string"}}],"inLanguage":"de"}]}},"_links":{"self":[{"href":"https:\/\/si.orcaenergy.eu\/de\/wp-json\/wp\/v2\/pages\/12384","targetHints":{"allow":["GET"]}}],"collection":[{"href":"https:\/\/si.orcaenergy.eu\/de\/wp-json\/wp\/v2\/pages"}],"about":[{"href":"https:\/\/si.orcaenergy.eu\/de\/wp-json\/wp\/v2\/types\/page"}],"author":[{"embeddable":true,"href":"https:\/\/si.orcaenergy.eu\/de\/wp-json\/wp\/v2\/users\/1"}],"replies":[{"embeddable":true,"href":"https:\/\/si.orcaenergy.eu\/de\/wp-json\/wp\/v2\/comments?post=12384"}],"version-history":[{"count":2,"href":"https:\/\/si.orcaenergy.eu\/de\/wp-json\/wp\/v2\/pages\/12384\/revisions"}],"predecessor-version":[{"id":12386,"href":"https:\/\/si.orcaenergy.eu\/de\/wp-json\/wp\/v2\/pages\/12384\/revisions\/12386"}],"wp:attachment":[{"href":"https:\/\/si.orcaenergy.eu\/de\/wp-json\/wp\/v2\/media?parent=12384"}],"curies":[{"name":"wp","href":"https:\/\/api.w.org\/{rel}","templated":true}]}}