{"id":12022,"date":"2021-05-24T14:34:17","date_gmt":"2021-05-24T12:34:17","guid":{"rendered":"https:\/\/si.orcaenergy.eu\/kontakt-2\/"},"modified":"2023-02-20T13:04:03","modified_gmt":"2023-02-20T12:04:03","slug":"kontakt-de","status":"publish","type":"page","link":"https:\/\/si.orcaenergy.eu\/de\/kontakt-de\/","title":{"rendered":"Kontakt"},"content":{"rendered":"<div class=\"wpb-content-wrapper\"><p>[vc_row et_uniqid=\"et_custom_uniqid_600ebbc4196db\" css=\".vc_custom_1611578428175{margin-top: 40px !important;}\" _et_uniqid=\"et_custom_uniqid_new_600ebc3351312\"][vc_column][vc_custom_heading text=\"KONTAKT\" font_container=\"tag:h1|font_size:24|text_align:center|color:%23005266\" google_fonts=\"font_family:Roboto%20Condensed%3A300%2C300italic%2Cregular%2Citalic%2C700%2C700italic|font_style:700%20bold%20regular%3A700%3Anormal\"][vc_separator color=\"custom\" el_width=\"10\" accent_color=\"#009ec2\"][\/vc_column][\/vc_row][vc_row et_uniqid=\"et_custom_uniqid_607838e1cd67a\" _et_uniqid=\"et_custom_uniqid_new_60783910c8ff4\"][vc_column width=\"1\/4\"][\/vc_column][vc_column width=\"1\/2\" et_uniqid=\"et_custom_uniqid_607838b8351ae\" _et_uniqid=\"et_custom_uniqid_new_60783926e4eff\"][vc_column_text]<\/p>\n<h2 style=\"text-align: center;\"><span style=\"font-size: 32px;\">ORCA K\u00dcHLT UND BEHEIZT MEHR ALS 15.000 HAUSHALTE<\/span><\/h2>\n<p style=\"text-align: center;\"><span style=\"font-size: 18px;\">Orca Energija ist einer der f\u00fchrenden slowenischen Hersteller von W\u00e4rmepumpen. Wir sind auch Distributor f\u00fcr andere energiesparende Heiz- und K\u00fchlsysteme wie Pellet\u00f6fen, Klimaanlagen und L\u00fcftungssysteme.<\/span><\/p>\n<p>[\/vc_column_text][\/vc_column][vc_column width=\"1\/4\"][\/vc_column][\/vc_row][vc_row][vc_column][vc_column_text]<\/p>\n<p style=\"text-align: center;\"><strong>KONTAKT MIT UNS<\/strong><\/p>\n<p>[\/vc_column_text][\/vc_column][\/vc_row][vc_row et_uniqid=\"et_custom_uniqid_609cf62343797\" css=\".vc_custom_1620899370187{margin-bottom: 30px !important;}\" _et_uniqid=\"et_custom_uniqid_new_609cf6236ee68\"][vc_column][vc_separator][\/vc_column][\/vc_row][vc_row][vc_column width=\"1\/2\"][vc_column_text]<span style=\"font-size: 32px;\"><span style=\"color: #009ec2;\"><strong>Orca Energija <\/strong><\/span><\/span><span style=\"font-size: 22px;\"><span style=\"color: #009ec2;\"><strong>d.o.o.,<\/strong><\/span><br \/>\nVodovodna 30c,<br \/>\n<\/span><span style=\"font-size: 22px;\">2000 Maribor, Slovenija<\/span><\/p>\n<p><span style=\"font-size: 22px;\">Umsatzsteuer-Identifikationsnummer: SI 78068681<br \/>\nHandelsregisternummer: 8171459000<\/span><\/p>\n<p><span style=\"font-size: 22px;\">Telefon: +386 (0)2 320 71 94<\/span><\/p>\n<p><span style=\"font-size: 22px;\">E-Mail: <a href=\"mailto:export@orcaenergy.eu\">export@orcaenergy.eu<\/a><\/span><\/p>\n<p>[\/vc_column_text][\/vc_column][vc_column width=\"1\/2\"][vc_column_text]<span style=\"font-size: 22px;\"><strong>Arbeitszeit:<\/strong><br \/>\nMontag-Donnerstag: 08:00 bis 16:00 Uhr <span style=\"font-size: 14px;\">(Kasse bis 16.00)<\/span><br \/>\nFreitag: von 8:00 bis 15:00 Uhr<br \/>\nSamstag, Sonntag und Feiertage geschlossen<\/span><\/p>\n<hr \/>\n<p><span style=\"font-size: 22px;\">Kontonummer: SI56 0313 2100 0569 537 <span style=\"font-size: 14px;\">(SKB banka d.d.),<\/span><br \/>\nIBAN: <span>SI56 0313 2100 0569 537<\/span><br \/>\n<\/span><span style=\"font-size: 22px;\">SWIFT-BIC: <span>SKBASI2X<\/span><\/span><\/p>\n<p><span style=\"font-size: 22px;\">Kontonummer: SI56 0242 6026 2120 239 <span style=\"font-size: 14px;\">(Nova Ljubljanska banka d.d.),<\/span><br \/>\nIBAN: <span>SI56 0242 6026 2120 239<\/span><br \/>\n<\/span><span style=\"font-size: 22px;\">SWIFT-BIC: <span>LJBASI2X<\/span><\/span><\/p>\n<p><span style=\"font-size: 22px;\">Kontonummer:<span>SI56 2900 0005 2628 468 <span style=\"font-size: 14px;\">(UniCredit banka Slovenija d.d.),<\/span><br \/>\nIBAN: <span>SI56 2900 0005 2628 468<\/span><br \/>\n<\/span><span style=\"font-size: 22px;\">SWIFT-BIC: <span>BACXSI22<\/span><\/span><\/span><\/p>\n<p>[\/vc_column_text][\/vc_column][\/vc_row][vc_row et_uniqid=\"et_custom_uniqid_609cf62343797\" css=\".vc_custom_1620899370187{margin-bottom: 30px !important;}\" _et_uniqid=\"et_custom_uniqid_new_609cf6236ee68\"][vc_column][vc_separator][\/vc_column][\/vc_row][vc_row _et_uniqid=\"et_custom_uniqid_new_60ae0514735a9\"][vc_column][vc_column_text]<iframe width=\"2600\" height=\"425\" style=\"border: 0;\" src=\"https:\/\/www.google.com\/maps\/embed?pb=!1m18!1m12!1m3!1d2744.5939771627905!2d15.648302616181168!3d46.53593576931077!2m3!1f0!2f0!3f0!3m2!1i1024!2i768!4f13.1!3m3!1m2!1s0x476f777a8f0e4031%3A0xcc0a32371743ebb!2sOrca%20Energija!5e0!3m2!1ssl!2ssi!4v1622016909794!5m2!1ssl!2ssi\" allowfullscreen=\"allowfullscreen\" loading=\"lazy\"><span data-mce-type=\"bookmark\" style=\"display: inline-block; width: 0px; overflow: hidden; line-height: 0;\" class=\"mce_SELRES_start\"><\/span><\/iframe><\/p>\n<p>[\/vc_column_text][\/vc_column][\/vc_row]<\/p>\n<\/div>","protected":false},"excerpt":{"rendered":"<p>[vc_row et_uniqid=&#8220;et_custom_uniqid_600ebbc4196db&#8220; css=&#8220;.vc_custom_1611578428175{margin-top: 40px !important;}&#8220; _et_uniqid=&#8220;et_custom_uniqid_new_600ebc3351312&#8243;][vc_column][vc_custom_heading text=&#8220;KONTAKT&#8220; font_container=&#8220;tag:h1|font_size:24|text_align:center|color:%23005266&#8243; google_fonts=&#8220;font_family:Roboto%20Condensed%3A300%2C300italic%2Cregular%2Citalic%2C700%2C700italic|font_style:700%20bold%20regular%3A700%3Anormal&#8220;][vc_separator color=&#8220;custom&#8220; el_width=&#8220;10&#8243; accent_color=&#8220;#009ec2&#8243;][\/vc_column][\/vc_row][vc_row et_uniqid=&#8220;et_custom_uniqid_607838e1cd67a&#8220; _et_uniqid=&#8220;et_custom_uniqid_new_60783910c8ff4&#8243;][vc_column width=&#8220;1\/4&#8243;][\/vc_column][vc_column width=&#8220;1\/2&#8243; et_uniqid=&#8220;et_custom_uniqid_607838b8351ae&#8220; _et_uniqid=&#8220;et_custom_uniqid_new_60783926e4eff&#8220;][vc_column_text] ORCA K\u00dcHLT UND BEHEIZT MEHR ALS 15.000&#8230;<\/p>\n","protected":false},"author":1,"featured_media":0,"parent":0,"menu_order":0,"comment_status":"closed","ping_status":"closed","template":"","meta":{"footnotes":""},"class_list":["post-12022","page","type-page","status-publish","hentry"],"yoast_head":"<!-- This site is optimized with the Yoast SEO plugin v27.3 - https:\/\/yoast.com\/product\/yoast-seo-wordpress\/ -->\n<title>Kontakt - Orca Energija<\/title>\n<meta name=\"robots\" content=\"index, follow, max-snippet:-1, max-image-preview:large, max-video-preview:-1\" \/>\n<link rel=\"canonical\" href=\"https:\/\/si.orcaenergy.eu\/de\/kontakt-de\/\" \/>\n<meta property=\"og:locale\" content=\"de_DE\" \/>\n<meta property=\"og:type\" content=\"article\" \/>\n<meta property=\"og:title\" content=\"Kontakt - Orca Energija\" \/>\n<meta property=\"og:description\" content=\"[vc_row et_uniqid=&quot;et_custom_uniqid_600ebbc4196db&quot; css=&quot;.vc_custom_1611578428175{margin-top: 40px !important;}&quot; _et_uniqid=&quot;et_custom_uniqid_new_600ebc3351312&quot;][vc_column][vc_custom_heading text=&quot;KONTAKT&quot; font_container=&quot;tag:h1|font_size:24|text_align:center|color:%23005266&quot; google_fonts=&quot;font_family:Roboto%20Condensed%3A300%2C300italic%2Cregular%2Citalic%2C700%2C700italic|font_style:700%20bold%20regular%3A700%3Anormal&quot;][vc_separator color=&quot;custom&quot; el_width=&quot;10&quot; accent_color=&quot;#009ec2&quot;][\/vc_column][\/vc_row][vc_row et_uniqid=&quot;et_custom_uniqid_607838e1cd67a&quot; _et_uniqid=&quot;et_custom_uniqid_new_60783910c8ff4&quot;][vc_column width=&quot;1\/4&quot;][\/vc_column][vc_column width=&quot;1\/2&quot; et_uniqid=&quot;et_custom_uniqid_607838b8351ae&quot; _et_uniqid=&quot;et_custom_uniqid_new_60783926e4eff&quot;][vc_column_text] ORCA K\u00dcHLT UND BEHEIZT MEHR ALS 15.000...\" \/>\n<meta property=\"og:url\" content=\"https:\/\/si.orcaenergy.eu\/de\/kontakt-de\/\" \/>\n<meta property=\"og:site_name\" content=\"Orca Energija\" \/>\n<meta property=\"article:modified_time\" content=\"2023-02-20T12:04:03+00:00\" \/>\n<meta name=\"twitter:card\" content=\"summary_large_image\" \/>\n<meta name=\"twitter:label1\" content=\"Gesch\u00e4tzte Lesezeit\" \/>\n\t<meta name=\"twitter:data1\" content=\"1\u00a0Minute\" \/>\n<script type=\"application\/ld+json\" class=\"yoast-schema-graph\">{\"@context\":\"https:\\\/\\\/schema.org\",\"@graph\":[{\"@type\":\"WebPage\",\"@id\":\"https:\\\/\\\/si.orcaenergy.eu\\\/de\\\/kontakt-de\\\/\",\"url\":\"https:\\\/\\\/si.orcaenergy.eu\\\/de\\\/kontakt-de\\\/\",\"name\":\"Kontakt - Orca Energija\",\"isPartOf\":{\"@id\":\"https:\\\/\\\/si.orcaenergy.eu\\\/de\\\/#website\"},\"datePublished\":\"2021-05-24T12:34:17+00:00\",\"dateModified\":\"2023-02-20T12:04:03+00:00\",\"breadcrumb\":{\"@id\":\"https:\\\/\\\/si.orcaenergy.eu\\\/de\\\/kontakt-de\\\/#breadcrumb\"},\"inLanguage\":\"de\",\"potentialAction\":[{\"@type\":\"ReadAction\",\"target\":[\"https:\\\/\\\/si.orcaenergy.eu\\\/de\\\/kontakt-de\\\/\"]}]},{\"@type\":\"BreadcrumbList\",\"@id\":\"https:\\\/\\\/si.orcaenergy.eu\\\/de\\\/kontakt-de\\\/#breadcrumb\",\"itemListElement\":[{\"@type\":\"ListItem\",\"position\":1,\"name\":\"Home\",\"item\":\"https:\\\/\\\/si.orcaenergy.eu\\\/de\\\/\"},{\"@type\":\"ListItem\",\"position\":2,\"name\":\"Kontakt\"}]},{\"@type\":\"WebSite\",\"@id\":\"https:\\\/\\\/si.orcaenergy.eu\\\/de\\\/#website\",\"url\":\"https:\\\/\\\/si.orcaenergy.eu\\\/de\\\/\",\"name\":\"Orca Energija\",\"description\":\"Majhna sprememba. Veliki prihranki.\",\"potentialAction\":[{\"@type\":\"SearchAction\",\"target\":{\"@type\":\"EntryPoint\",\"urlTemplate\":\"https:\\\/\\\/si.orcaenergy.eu\\\/de\\\/?s={search_term_string}\"},\"query-input\":{\"@type\":\"PropertyValueSpecification\",\"valueRequired\":true,\"valueName\":\"search_term_string\"}}],\"inLanguage\":\"de\"}]}<\/script>\n<!-- \/ Yoast SEO plugin. -->","yoast_head_json":{"title":"Kontakt - Orca Energija","robots":{"index":"index","follow":"follow","max-snippet":"max-snippet:-1","max-image-preview":"max-image-preview:large","max-video-preview":"max-video-preview:-1"},"canonical":"https:\/\/si.orcaenergy.eu\/de\/kontakt-de\/","og_locale":"de_DE","og_type":"article","og_title":"Kontakt - Orca Energija","og_description":"[vc_row et_uniqid=\"et_custom_uniqid_600ebbc4196db\" css=\".vc_custom_1611578428175{margin-top: 40px !important;}\" _et_uniqid=\"et_custom_uniqid_new_600ebc3351312\"][vc_column][vc_custom_heading text=\"KONTAKT\" font_container=\"tag:h1|font_size:24|text_align:center|color:%23005266\" google_fonts=\"font_family:Roboto%20Condensed%3A300%2C300italic%2Cregular%2Citalic%2C700%2C700italic|font_style:700%20bold%20regular%3A700%3Anormal\"][vc_separator color=\"custom\" el_width=\"10\" accent_color=\"#009ec2\"][\/vc_column][\/vc_row][vc_row et_uniqid=\"et_custom_uniqid_607838e1cd67a\" _et_uniqid=\"et_custom_uniqid_new_60783910c8ff4\"][vc_column width=\"1\/4\"][\/vc_column][vc_column width=\"1\/2\" et_uniqid=\"et_custom_uniqid_607838b8351ae\" _et_uniqid=\"et_custom_uniqid_new_60783926e4eff\"][vc_column_text] ORCA K\u00dcHLT UND BEHEIZT MEHR ALS 15.000...","og_url":"https:\/\/si.orcaenergy.eu\/de\/kontakt-de\/","og_site_name":"Orca Energija","article_modified_time":"2023-02-20T12:04:03+00:00","twitter_card":"summary_large_image","twitter_misc":{"Gesch\u00e4tzte Lesezeit":"1\u00a0Minute"},"schema":{"@context":"https:\/\/schema.org","@graph":[{"@type":"WebPage","@id":"https:\/\/si.orcaenergy.eu\/de\/kontakt-de\/","url":"https:\/\/si.orcaenergy.eu\/de\/kontakt-de\/","name":"Kontakt - Orca Energija","isPartOf":{"@id":"https:\/\/si.orcaenergy.eu\/de\/#website"},"datePublished":"2021-05-24T12:34:17+00:00","dateModified":"2023-02-20T12:04:03+00:00","breadcrumb":{"@id":"https:\/\/si.orcaenergy.eu\/de\/kontakt-de\/#breadcrumb"},"inLanguage":"de","potentialAction":[{"@type":"ReadAction","target":["https:\/\/si.orcaenergy.eu\/de\/kontakt-de\/"]}]},{"@type":"BreadcrumbList","@id":"https:\/\/si.orcaenergy.eu\/de\/kontakt-de\/#breadcrumb","itemListElement":[{"@type":"ListItem","position":1,"name":"Home","item":"https:\/\/si.orcaenergy.eu\/de\/"},{"@type":"ListItem","position":2,"name":"Kontakt"}]},{"@type":"WebSite","@id":"https:\/\/si.orcaenergy.eu\/de\/#website","url":"https:\/\/si.orcaenergy.eu\/de\/","name":"Orca Energija","description":"Majhna sprememba. Veliki prihranki.","potentialAction":[{"@type":"SearchAction","target":{"@type":"EntryPoint","urlTemplate":"https:\/\/si.orcaenergy.eu\/de\/?s={search_term_string}"},"query-input":{"@type":"PropertyValueSpecification","valueRequired":true,"valueName":"search_term_string"}}],"inLanguage":"de"}]}},"_links":{"self":[{"href":"https:\/\/si.orcaenergy.eu\/de\/wp-json\/wp\/v2\/pages\/12022","targetHints":{"allow":["GET"]}}],"collection":[{"href":"https:\/\/si.orcaenergy.eu\/de\/wp-json\/wp\/v2\/pages"}],"about":[{"href":"https:\/\/si.orcaenergy.eu\/de\/wp-json\/wp\/v2\/types\/page"}],"author":[{"embeddable":true,"href":"https:\/\/si.orcaenergy.eu\/de\/wp-json\/wp\/v2\/users\/1"}],"replies":[{"embeddable":true,"href":"https:\/\/si.orcaenergy.eu\/de\/wp-json\/wp\/v2\/comments?post=12022"}],"version-history":[{"count":5,"href":"https:\/\/si.orcaenergy.eu\/de\/wp-json\/wp\/v2\/pages\/12022\/revisions"}],"predecessor-version":[{"id":12694,"href":"https:\/\/si.orcaenergy.eu\/de\/wp-json\/wp\/v2\/pages\/12022\/revisions\/12694"}],"wp:attachment":[{"href":"https:\/\/si.orcaenergy.eu\/de\/wp-json\/wp\/v2\/media?parent=12022"}],"curies":[{"name":"wp","href":"https:\/\/api.w.org\/{rel}","templated":true}]}}