{"id":11983,"date":"2021-04-03T08:56:37","date_gmt":"2021-04-03T06:56:37","guid":{"rendered":"https:\/\/si.orcaenergy.eu\/warmepumpe-orca-komfortable-heizung\/"},"modified":"2023-02-27T09:38:55","modified_gmt":"2023-02-27T08:38:55","slug":"warmepumpe","status":"publish","type":"page","link":"https:\/\/si.orcaenergy.eu\/de\/warmepumpe\/","title":{"rendered":"W\u00e4rmepumpe \u2013 Orca | Komfortable Heizung"},"content":{"rendered":"<div class=\"wpb-content-wrapper\"><p>[vc_row et_uniqid=\"et_custom_uniqid_600ebbc4196db\" css=\".vc_custom_1611578428175{margin-top: 40px !important;}\" _et_uniqid=\"et_custom_uniqid_new_600ebc3351312\"][vc_column][vc_custom_heading text=\"W\u00c4RMEPUMPE ORCA\" font_container=\"tag:h1|font_size:24|text_align:center|color:%23005266\" google_fonts=\"font_family:Roboto%20Condensed%3A300%2C300italic%2Cregular%2Citalic%2C700%2C700italic|font_style:700%20bold%20regular%3A700%3Anormal\"][vc_separator color=\"custom\" el_width=\"10\" accent_color=\"#009ec2\"][\/vc_column][\/vc_row][vc_row full_width=\"stretch_row\" et_uniqid=\"et_custom_uniqid_60096f1feaace\" css=\".vc_custom_1617447137344{margin-top: 0px !important;padding-right: 0px !important;padding-left: 0px !important;background-color: #f2f2f2 !important;}\" _et_uniqid=\"et_custom_uniqid_new_606848d8c7660\"][vc_column et_uniqid=\"et_custom_uniqid_600970a39a649\" css=\".vc_custom_1614601200611{margin-bottom: 0px !important;padding-top: 0px !important;}\" _et_uniqid=\"et_custom_uniqid_new_603cdbe37d2e5\"][vc_single_image image=\"9063\" img_size=\"full\" alignment=\"center\" css=\".vc_custom_1647438311023{margin-top: 0px !important;margin-bottom: 0px !important;padding-right: 0px !important;padding-left: 0px !important;}\"][\/vc_column][\/vc_row][vc_row][vc_column][vc_column_text]<\/p>\n<p style=\"text-align: center;\"><span style=\"font-size: 24px;\"><strong>Die W\u00e4rmepumpe<\/strong> ist eine Heizl\u00f6sung, die Ihnen viele Jahre dienen wird. Es ist ein modernes und \u00e4u\u00dferst ausgekl\u00fcgeltes Heizsystem, das f\u00fcr seinen Betrieb erneuerbare Energiequellen nutzt. Die W\u00e4rmepumpe gilt von allen Heizungsarten als die umweltfreundlichste und senkt die Heizkosten f\u00fcr den Nutzer bis zu <strong>75 %.<\/strong> <\/span><\/p>\n<p style=\"text-align: center;\"><span style=\"font-size: 24px;\">Die Qualit\u00e4t und Leistung der Orca-W\u00e4rmepumpen \u00fcbertreffen bei weitem die strengsten europ\u00e4ischen Normen, wie die Zertifikate der wichtigsten unabh\u00e4ngigen Berufsinstitute in der Europ\u00e4ischen Union belegen.<\/span><\/p>\n<p>[\/vc_column_text][\/vc_column][\/vc_row][vc_row][vc_column][vc_column_text]<\/p>\n<p style=\"text-align: center;\"><a target=\"_self\" class=\"btn big white\" href=\"https:\/\/si.orcaenergy.eu\/de\/nachfrage\/\"><span> NACHFRAGE<\/span><\/a><\/p>\n<p>[\/vc_column_text][\/vc_column][\/vc_row][vc_row et_uniqid=\"et_custom_uniqid_60115e4070bc9\" _et_uniqid=\"et_custom_uniqid_new_6011657eb24f7\" css=\".vc_custom_1611752838148{margin-bottom: 0px !important;}\"][vc_column et_uniqid=\"et_custom_uniqid_60115e77b399d\" css=\".vc_custom_1611752421967{margin-top: 0px !important;margin-bottom: 0px !important;}\" _et_uniqid=\"et_custom_uniqid_new_601163de14589\"][vc_separator color=\"custom\" accent_color=\"#d0d2d3\"][\/vc_column][\/vc_row][vc_row][vc_column][vc_column_text]<\/p>\n<p style=\"text-align: center;\"><span style=\"font-size: 16px; color: #005266;\"><strong>WARUM DIE W\u00c4RMEPUMPE ORCA<\/strong><\/span><\/p>\n<p>[\/vc_column_text][\/vc_column][\/vc_row][vc_row][vc_column width=\"1\/3\"][vc_column_text]<\/p>\n<table>\n<tbody>\n<tr>\n<td><span class=\"icon-do-5-LET\" style=\"font-size: 83px; color: #005266;\"><\/span><\/td>\n<td>\n<p style=\"text-align: left;\"><span style=\"font-size: 24px; color: #005266;\"><strong>Bis zu 5 Jahre Garantie<br \/>\n<\/strong><\/span><span style=\"font-size: 18px;\">Bis zu 5 Jahre Garantie auf Orca-Produkte.<\/span><\/td>\n<\/tr>\n<\/tbody>\n<\/table>\n<p>[\/vc_column_text][\/vc_column][vc_column width=\"1\/3\"][vc_column_text]<\/p>\n<table>\n<tbody>\n<tr>\n<td><span class=\"icon-MADE-IN-SLO\" style=\"font-size: 83px; color: #005266;\"><\/span><\/td>\n<td>\n<p style=\"text-align: left;\"><span style=\"font-size: 24px; color: #005266;\"><strong>Hergestellt in Slowenien<br \/>\n<\/strong><\/span><span style=\"font-size: 18px;\">Mit hochwertigsten Komponenten europ\u00e4ischer und japanischer Hersteller.<\/span><\/td>\n<\/tr>\n<\/tbody>\n<\/table>\n<p>[\/vc_column_text][\/vc_column][vc_column width=\"1\/3\"][vc_column_text]<\/p>\n<table>\n<tbody>\n<tr>\n<td><span class=\"icon-EU\" style=\"font-size: 83px; color: #005266;\"><\/span><\/td>\n<td>\n<p style=\"text-align: left;\"><span style=\"font-size: 24px; color: #005266;\"><strong>EU-Normen<br \/>\n<\/strong><\/span><span style=\"font-size: 18px;\">Dies belegen auch die Zertifikate der wichtigsten unabh\u00e4ngigen Fachinstitute in der EU.<\/span><\/td>\n<\/tr>\n<\/tbody>\n<\/table>\n<p>[\/vc_column_text][\/vc_column][\/vc_row][vc_row full_width=\"stretch_row_content\" et_uniqid=\"et_custom_uniqid_60115e4070bc9\" _et_uniqid=\"et_custom_uniqid_new_601163a7590f6\" css=\".vc_custom_1611752368661{margin-bottom: 0px !important;}\"][vc_column et_uniqid=\"et_custom_uniqid_60115e77b399d\" css=\".vc_custom_1611752421967{margin-top: 0px !important;margin-bottom: 0px !important;}\" _et_uniqid=\"et_custom_uniqid_new_601163de14589\"][vc_separator color=\"custom\" style=\"shadow\" accent_color=\"#d0d2d3\"][\/vc_column][\/vc_row][vc_row et_uniqid=\"et_custom_uniqid_6011640ba6818\" css=\".vc_custom_1611752467393{margin-top: 0px !important;}\" _et_uniqid=\"et_custom_uniqid_new_6011640beee45\"][vc_column width=\"1\/2\" et_uniqid=\"et_custom_uniqid_60116350dde03\" css=\".vc_custom_1625131668602{margin-top: 0px !important;}\" _et_uniqid=\"et_custom_uniqid_new_60dd8a8c24631\" box_shadow_h=\"1px\"][vc_separator color=\"custom\" accent_color=\"#009ec2\"][vc_column_text css=\".vc_custom_1625131306687{margin-bottom: 25px !important;}\"]<span style=\"font-size: 32px; color: #009ec2;\">W\u00e4rmepumpen zum Heizen<br \/>\n<\/span><\/p>\n<p><span style=\"font-size: 18px; color: #333333;\">Holen Sie sich ein angenehm warmes Zuhause mit bis zu 75 % geringeren Heizkosten, selbst bei -28 \u00b0C!<\/span><\/p>\n<p>[\/vc_column_text][vc_single_image image=\"9064\" img_size=\"full\" alignment=\"center\" onclick=\"custom_link\" css=\".vc_custom_1669203486299{margin-top: 0px !important;}\" link=\"https:\/\/si.orcaenergy.eu\/de\/heizungswarmepumpe\/\"][\/vc_column][vc_column width=\"1\/2\" _et_uniqid=\"et_custom_uniqid_new_60dd8a7049740\"][vc_separator color=\"custom\" accent_color=\"#009ec2\"][vc_column_text css=\".vc_custom_1625131314482{margin-bottom: 25px !important;}\"]<span style=\"font-size: 32px; color: #009ec2;\">TW\u00e4rmepumpen f\u00fcr Sanit\u00e4rwasser<br \/>\n<\/span><\/p>\n<p><span style=\"font-size: 18px; color: #333333;\">Stellen Sie Warmwasser bereit und sparen Sie j\u00e4hrlich mehr als 70 %.<\/span><\/p>\n<p>[\/vc_column_text][vc_single_image image=\"9066\" img_size=\"full\" alignment=\"center\" onclick=\"custom_link\" css=\".vc_custom_1669203506798{margin-top: 0px !important;}\" link=\"https:\/\/si.orcaenergy.eu\/de\/warmepumpen-fur-sanitarwasser\/\"][\/vc_column][\/vc_row][vc_row full_width=\"stretch_row_content\" et_uniqid=\"et_custom_uniqid_60115e4070bc9\" _et_uniqid=\"et_custom_uniqid_new_601163a7590f6\" css=\".vc_custom_1611752368661{margin-bottom: 0px !important;}\"][vc_column et_uniqid=\"et_custom_uniqid_60115e77b399d\" css=\".vc_custom_1611752421967{margin-top: 0px !important;margin-bottom: 0px !important;}\" _et_uniqid=\"et_custom_uniqid_new_601163de14589\"][vc_separator color=\"custom\" style=\"shadow\" accent_color=\"#d0d2d3\"][\/vc_column][\/vc_row][vc_row et_uniqid=\"et_custom_uniqid_6011640ba6818\" css=\".vc_custom_1611752467393{margin-top: 0px !important;}\" _et_uniqid=\"et_custom_uniqid_new_6011640beee45\"][vc_column width=\"1\/2\" et_uniqid=\"et_custom_uniqid_60116350dde03\" css=\".vc_custom_1611752455943{margin-top: 0px !important;}\" _et_uniqid=\"et_custom_uniqid_new_601164019fc5a\"][vc_single_image image=\"9068\" img_size=\"full\" alignment=\"right\" css=\".vc_custom_1647440009446{margin-top: 0px !important;}\"][\/vc_column][vc_column width=\"1\/2\"][vc_column_text css=\".vc_custom_1625052861220{margin-bottom: 25px !important;}\"]<\/p>\n<h2 style=\"text-align: left;\"><span style=\"font-size: 32px; color: #005266;\">VORTEILE DER W\u00c4RMEPUMPE<\/span><\/h2>\n<ul>\n<li><strong>Schnelle Kapitalrendite<br \/>\n<\/strong>Eine Investition in eine W\u00e4rmepumpe ist durchaus vergleichbar mit einer Investition, die sonst in jedes andere Heizsystem get\u00e4tigt w\u00fcrde. Allerdings erstattet sich diese Investition schon viel fr\u00fcher, da die W\u00e4rmepumpe Ihre laufenden Heizkosten deutlich senkt. Die Investition in eine W\u00e4rmepumpe amortisiert sich somit im Durchschnitt <strong>in nur 6 Jahren!<\/strong><\/li>\n<li><strong>Hohe Einsparungen<br \/>\n<\/strong>Eine W\u00e4rmepumpe senkt Ihre Heizkosten um bis zu <strong>75 %.<\/strong><\/li>\n<\/ul>\n<ul>\n<li><strong>Subventionen aus dem \u00d6ko-Fonds<br \/>\n<\/strong>Subventionen k\u00f6nnen Ihnen bei der Anfangsinvestition helfen. Zur Verf\u00fcgung stehen <a href=\"https:\/\/www.ekosklad.si\/javni-sektor\/pridobite-spodbudo\/seznam-spodbud\/toplotne-rpalke\/toplotne-crpalke-subvencija\">\u00d6ko-Fonds-Subventionen<\/a>, die den Zugang zu Zusch\u00fcssen f\u00fcr den Kauf und die Installation Ihrer W\u00e4rmepumpe erm\u00f6glichen.<\/li>\n<\/ul>\n<ul>\n<li><strong>Hohe Effizienz<br \/>\n<\/strong>W\u00e4rmepumpen sind nicht verschwenderisch, sondern arbeiten mit einem Wirkungsgrad von bis zu 420 %. F\u00fcr jede verbrauchte Einheit Strom erzeugen sie bis zu 4,2 Einheiten thermische Energie.<\/li>\n<\/ul>\n<p>[\/vc_column_text][\/vc_column][\/vc_row][vc_row et_uniqid=\"et_custom_uniqid_60115e4070bc9\" _et_uniqid=\"et_custom_uniqid_new_6011657eb24f7\" css=\".vc_custom_1611752838148{margin-bottom: 0px !important;}\"][vc_column et_uniqid=\"et_custom_uniqid_60115e77b399d\" css=\".vc_custom_1611752421967{margin-top: 0px !important;margin-bottom: 0px !important;}\" _et_uniqid=\"et_custom_uniqid_new_601163de14589\"][vc_separator color=\"custom\" accent_color=\"#d0d2d3\"][\/vc_column][\/vc_row][vc_row et_uniqid=\"et_custom_uniqid_6011640ba6818\" css=\".vc_custom_1611752467393{margin-top: 0px !important;}\" _et_uniqid=\"et_custom_uniqid_new_6011640beee45\"][vc_column width=\"1\/2\" et_uniqid=\"et_custom_uniqid_60116350dde03\" css=\".vc_custom_1611752455943{margin-top: 0px !important;}\" _et_uniqid=\"et_custom_uniqid_new_601164019fc5a\"][vc_column_text css=\".vc_custom_1647847454759{margin-bottom: 25px !important;}\"]<\/p>\n<ul>\n<li><strong>Sie sind umweltfreundlich<br \/>\n<\/strong>Die W\u00e4rmepumpe nutzt die drei saubersten Energiequellen aus der Umwelt zum Heizen \u2013 Luft, Wasser und Erde. F\u00fcr den Betrieb werden keine f\u00fcr Mensch und Natur gef\u00e4hrlichen Brennstoffe ben\u00f6tigt und es entstehen keine Emissionen von Feststoffpartikeln und CO2.<\/li>\n<\/ul>\n<ul>\n<li><strong>Langzeitgarantie und noch l\u00e4ngere Lebensdauer<br \/>\n<\/strong>Wenn Sie sich f\u00fcr einen zuverl\u00e4ssigen Anbieter entscheiden, h\u00e4lt Sie Ihre W\u00e4rmepumpe bei regelm\u00e4\u00dfiger Wartung viele Jahre warm. Auf die Orca W\u00e4rmepumpen gew\u00e4hren wir eine Garantie von bis zu 5 Jahren.<\/li>\n<\/ul>\n<ul>\n<li><strong>Sie bietet ultimativen Komfort<br \/>\n<\/strong>W\u00e4rmepumpen gelten als das komfortabelste Heizsystem, da sie keinerlei Arbeit erfordern. Es ist nicht n\u00f6tig, Holz zu hacken, es auf den Ofen zu laden, und Sie k\u00f6nnen auf den Kauf von Heiz\u00f6l vergessen. Stellen Sie zu Beginn der Saison einfach die entsprechenden Parameter ein und genie\u00dfen Sie die W\u00e4rme Ihres Zuhauses. Dar\u00fcber hinaus k\u00f6nnen Sie mit der fortschrittlichen Regulierung von Meine Orca die Einstellungen und den Betrieb Ihrer W\u00e4rmepumpe steuern, wo immer Sie sind \u2013 im B\u00fcro, Gesch\u00e4ft oder sogar am Strand.<\/li>\n<\/ul>\n<p>[\/vc_column_text][\/vc_column][vc_column width=\"1\/2\"][vc_single_image image=\"12852\" img_size=\"full\" alignment=\"right\" css=\".vc_custom_1677487125497{margin-top: 0px !important;}\"][\/vc_column][\/vc_row][vc_row et_uniqid=\"et_custom_uniqid_60115e4070bc9\" _et_uniqid=\"et_custom_uniqid_new_6011657eb24f7\" css=\".vc_custom_1611752838148{margin-bottom: 0px !important;}\"][vc_column et_uniqid=\"et_custom_uniqid_60115e77b399d\" css=\".vc_custom_1611752421967{margin-top: 0px !important;margin-bottom: 0px !important;}\" _et_uniqid=\"et_custom_uniqid_new_601163de14589\"][vc_separator color=\"custom\" accent_color=\"#d0d2d3\"][\/vc_column][\/vc_row][vc_row et_uniqid=\"et_custom_uniqid_6011640ba6818\" css=\".vc_custom_1611752467393{margin-top: 0px !important;}\" _et_uniqid=\"et_custom_uniqid_new_6011640beee45\"][vc_column width=\"1\/2\" et_uniqid=\"et_custom_uniqid_60116350dde03\" css=\".vc_custom_1611752455943{margin-top: 0px !important;}\" _et_uniqid=\"et_custom_uniqid_new_601164019fc5a\"][vc_single_image image=\"9073\" img_size=\"full\" css=\".vc_custom_1647442106068{margin-top: 0px !important;}\"][\/vc_column][vc_column width=\"1\/2\"][vc_column_text css=\".vc_custom_1621587239543{margin-bottom: 25px !important;}\"]<\/p>\n<h2 style=\"text-align: left;\"><span style=\"font-size: 32px; color: #005266;\">PREIS VON W\u00c4RMEPUMPEN<\/span><\/h2>\n<p><span style=\"font-size: 18px;\"><strong>Der Preis der W\u00e4rmepumpe<\/strong> h\u00e4ngt von vielen Faktoren ab, wobei die gr\u00f6\u00dften Faktoren die Leistung der W\u00e4rmepumpe und die Isolierung des Geb\u00e4udes sind, das Sie beheizen m\u00f6chten. Die Investitionskosten und der eigentliche Betrieb der W\u00e4rmepumpe sind bei gut ged\u00e4mmten Geb\u00e4uden geringer.<\/span><\/p>\n<p><span style=\"font-size: 18px;\">F\u00fcr solche Anlagen eignen sich weniger leistungsstarke W\u00e4rmepumpen, deren Anfangsinvestition ebenfalls geringer ist. Je schlechter die Isolierung Ihres Geb\u00e4udes ist, desto mehr Leistung wird die W\u00e4rmepumpe ben\u00f6tigen, um die gew\u00fcnschten Temperaturen zu erreichen, und der Preis sowohl f\u00fcr die Anfangsinvestition als auch f\u00fcr den anschlie\u00dfenden Betrieb steigt proportional.<\/span>[\/vc_column_text][\/vc_column][\/vc_row][vc_row et_uniqid=\"et_custom_uniqid_60115e4070bc9\" _et_uniqid=\"et_custom_uniqid_new_6011657eb24f7\" css=\".vc_custom_1611752838148{margin-bottom: 0px !important;}\"][vc_column et_uniqid=\"et_custom_uniqid_60115e77b399d\" css=\".vc_custom_1611752421967{margin-top: 0px !important;margin-bottom: 0px !important;}\" _et_uniqid=\"et_custom_uniqid_new_601163de14589\"][vc_separator color=\"custom\" accent_color=\"#d0d2d3\"][\/vc_column][\/vc_row][vc_row et_uniqid=\"et_custom_uniqid_6011640ba6818\" css=\".vc_custom_1611752467393{margin-top: 0px !important;}\" _et_uniqid=\"et_custom_uniqid_new_6011640beee45\"][vc_column width=\"1\/2\" et_uniqid=\"et_custom_uniqid_60116350dde03\" css=\".vc_custom_1611752455943{margin-top: 0px !important;}\" _et_uniqid=\"et_custom_uniqid_new_601164019fc5a\"][vc_column_text css=\".vc_custom_1621590508661{margin-bottom: 25px !important;}\"]<\/p>\n<h2 style=\"text-align: left;\"><span style=\"font-size: 32px; color: #005266;\">WIR LIEBEN HAUSGEMACHTES<\/span><\/h2>\n<p style=\"text-align: left;\"><span style=\"font-size: 18px; color: #333333;\">Wussten Sie, dass die Orca W\u00e4rmepumpe ein slowenisches Produkt ist? Dahinter steht ein gro\u00dfes Team slowenischer Experten, die auf Basis von Kundenw\u00fcnschen und -bed\u00fcrfnissen eine W\u00e4rmepumpe entwickelt haben, die stolz das Etikett slowenischer Qualit\u00e4t tr\u00e4gt.<\/span><\/p>\n<p style=\"text-align: left;\"><span style=\"font-size: 18px; color: #333333;\">Die W\u00e4rmepumpe erf\u00fcllt den Zweck an sich. Wie sie funktioniert und welche Heizkostenersparnis sie f\u00fcr Sie bringt, h\u00e4ngt vor allem von der richtigen Einstellung ab. <\/span><span style=\"font-size: 18px; color: #333333;\">Slowenien ist ein kleines Land, aber vom K\u00fcstenklima bis zu den hohen Bergtemperaturen sind die W\u00fcnsche und Bed\u00fcrfnisse der Kunden sehr unterschiedlich.<\/span><\/p>\n<p style=\"text-align: left;\"><span style=\"font-size: 18px; color: #333333;\">Die Steuerung der Orca W\u00e4rmepumpe wurde von slowenischen Experten entwickelt und an slowenische Gegebenheiten angepasst. Und genau das erm\u00f6glicht eine genauere Anpassung der Betriebseinstellungen der W\u00e4rmepumpe an die slowenischen Bedingungen, was nat\u00fcrlich auch bedeutet, dass Ihre Einsparungen und Ihr Komfort am gr\u00f6\u00dften sind!<\/span><\/p>\n<p style=\"text-align: left;\"><span style=\"font-size: 18px; color: #333333;\">Die einfache slowenische Regulation macht es m\u00f6glich, die Benutzeroberfl\u00e4che zu verstehen, und der wichtigste Vorteil der slowenischen Entwicklung liegt gerade in der Kundenbetreuung. Durch unsere eigene Entwicklung, ein breites Installations- und Servicenetzwerk k\u00f6nnen wir das Beste bieten.<br \/>\n<\/span><\/p>\n<p>[\/vc_column_text][\/vc_column][vc_column width=\"1\/2\"][vc_single_image image=\"9075\" img_size=\"full\" css=\".vc_custom_1647442254903{margin-top: 0px !important;}\"][\/vc_column][\/vc_row][vc_row full_width=\"stretch_row_content\" et_uniqid=\"et_custom_uniqid_60115e4070bc9\" _et_uniqid=\"et_custom_uniqid_new_601163a7590f6\" css=\".vc_custom_1611752368661{margin-bottom: 0px !important;}\"][vc_column et_uniqid=\"et_custom_uniqid_60115e77b399d\" css=\".vc_custom_1611752421967{margin-top: 0px !important;margin-bottom: 0px !important;}\" _et_uniqid=\"et_custom_uniqid_new_601163de14589\"][vc_separator color=\"custom\" style=\"shadow\" accent_color=\"#d0d2d3\"][\/vc_column][\/vc_row][vc_row][vc_column width=\"1\/6\"][vc_column_text]<\/p>\n<p style=\"text-align: center;\"><span class=\"icon-MADE-IN-SLO\" style=\"font-size: 83px; color: #005266;\"><\/span><\/p>\n<p style=\"text-align: center;\"><span>Hergestellt in Slowenien<\/span><\/p>\n<p>[\/vc_column_text][\/vc_column][vc_column width=\"1\/6\"][vc_column_text]<\/p>\n<p style=\"text-align: center;\"><span class=\"icon-EU\" style=\"font-size: 83px; color: #005266;\"><\/span><\/p>\n<p style=\"text-align: center;\"><span>EU-Normen<\/span><\/p>\n<p>[\/vc_column_text][\/vc_column][vc_column width=\"1\/6\"][vc_column_text]<\/p>\n<p style=\"text-align: center;\"><span class=\"icon-servis\" style=\"font-size: 83px; color: #005266;\"><\/span><\/p>\n<p style=\"text-align: center;\"><span>Service-Netzwerk<\/span><\/p>\n<p>[\/vc_column_text][\/vc_column][vc_column width=\"1\/6\"][vc_column_text]<\/p>\n<p style=\"text-align: center;\"><span class=\"icon-do-5-LET\" style=\"font-size: 83px; color: #005266;\"><\/span><\/p>\n<p style=\"text-align: center;\"><span>Bis zu 5 Jahre Garantie<\/span><\/p>\n<p>[\/vc_column_text][\/vc_column][vc_column width=\"1\/6\"][vc_column_text]<\/p>\n<p style=\"text-align: center;\"><span class=\"icon-dostava\" style=\"font-size: 83px; color: #005266;\"><\/span><\/p>\n<p style=\"text-align: center;\"><span>Lieferung nach Hause<\/span><\/p>\n<p>[\/vc_column_text][\/vc_column][vc_column width=\"1\/6\"][vc_column_text]<\/p>\n<p style=\"text-align: center;\"><span class=\"icon-money\" style=\"font-size: 83px; color: #005266;\"><\/span><\/p>\n<p style=\"text-align: center;\"><span>Bequem und wirtschaftlich<\/span><\/p>\n<p>[\/vc_column_text][\/vc_column][\/vc_row][vc_row][vc_column][vc_column_text]<\/p>\n<p style=\"text-align: center;\"><a target=\"_self\" class=\"btn big white\" href=\"https:\/\/si.orcaenergy.eu\/de\/nachfrage\/\"><span> NACHFRAGE<\/span><\/a><\/p>\n<p>[\/vc_column_text][vc_separator color=\"custom\" accent_color=\"#d0d2d3\"][\/vc_column][\/vc_row]<\/p>\n<\/div>","protected":false},"excerpt":{"rendered":"<p>[vc_row et_uniqid=&#8220;et_custom_uniqid_600ebbc4196db&#8220; css=&#8220;.vc_custom_1611578428175{margin-top: 40px !important;}&#8220; _et_uniqid=&#8220;et_custom_uniqid_new_600ebc3351312&#8243;][vc_column][vc_custom_heading text=&#8220;W\u00c4RMEPUMPE ORCA&#8220; font_container=&#8220;tag:h1|font_size:24|text_align:center|color:%23005266&#8243; google_fonts=&#8220;font_family:Roboto%20Condensed%3A300%2C300italic%2Cregular%2Citalic%2C700%2C700italic|font_style:700%20bold%20regular%3A700%3Anormal&#8220;][vc_separator color=&#8220;custom&#8220; el_width=&#8220;10&#8243; accent_color=&#8220;#009ec2&#8243;][\/vc_column][\/vc_row][vc_row full_width=&#8220;stretch_row&#8220; et_uniqid=&#8220;et_custom_uniqid_60096f1feaace&#8220; css=&#8220;.vc_custom_1617447137344{margin-top: 0px !important;padding-right: 0px !important;padding-left: 0px !important;background-color: #f2f2f2 !important;}&#8220; _et_uniqid=&#8220;et_custom_uniqid_new_606848d8c7660&#8243;][vc_column&#8230;<\/p>\n","protected":false},"author":1,"featured_media":0,"parent":0,"menu_order":0,"comment_status":"closed","ping_status":"closed","template":"","meta":{"footnotes":""},"class_list":["post-11983","page","type-page","status-publish","hentry"],"yoast_head":"<!-- This site is optimized with the Yoast SEO plugin v27.5 - https:\/\/yoast.com\/product\/yoast-seo-wordpress\/ -->\n<title>W\u00e4rmepumpe \u2013 Orca | Komfortable Heizung<\/title>\n<meta name=\"description\" content=\"Toplotna \u010drpalka Orca - izberite kakovost, potrjeno s strani najpomembnej\u0161ih neodvisnih evropskih institucij. Od svetovanja, do hitre monta\u017ee.\" \/>\n<meta name=\"robots\" content=\"index, follow, max-snippet:-1, max-image-preview:large, max-video-preview:-1\" \/>\n<link rel=\"canonical\" href=\"https:\/\/si.orcaenergy.eu\/de\/warmepumpe\/\" \/>\n<meta property=\"og:locale\" content=\"de_DE\" \/>\n<meta property=\"og:type\" content=\"article\" \/>\n<meta property=\"og:title\" content=\"W\u00e4rmepumpe \u2013 Orca | Komfortable Heizung\" \/>\n<meta property=\"og:description\" content=\"Toplotna \u010drpalka Orca - izberite kakovost, potrjeno s strani najpomembnej\u0161ih neodvisnih evropskih institucij. Od svetovanja, do hitre monta\u017ee.\" \/>\n<meta property=\"og:url\" content=\"https:\/\/si.orcaenergy.eu\/de\/warmepumpe\/\" \/>\n<meta property=\"og:site_name\" content=\"Orca Energija\" \/>\n<meta property=\"article:modified_time\" content=\"2023-02-27T08:38:55+00:00\" \/>\n<meta name=\"twitter:card\" content=\"summary_large_image\" \/>\n<meta name=\"twitter:label1\" content=\"Gesch\u00e4tzte Lesezeit\" \/>\n\t<meta name=\"twitter:data1\" content=\"6\u00a0Minuten\" \/>\n<script type=\"application\/ld+json\" class=\"yoast-schema-graph\">{\"@context\":\"https:\\\/\\\/schema.org\",\"@graph\":[{\"@type\":\"WebPage\",\"@id\":\"https:\\\/\\\/si.orcaenergy.eu\\\/de\\\/warmepumpe\\\/\",\"url\":\"https:\\\/\\\/si.orcaenergy.eu\\\/de\\\/warmepumpe\\\/\",\"name\":\"W\u00e4rmepumpe \u2013 Orca | Komfortable Heizung\",\"isPartOf\":{\"@id\":\"https:\\\/\\\/si.orcaenergy.eu\\\/de\\\/#website\"},\"datePublished\":\"2021-04-03T06:56:37+00:00\",\"dateModified\":\"2023-02-27T08:38:55+00:00\",\"description\":\"Toplotna \u010drpalka Orca - izberite kakovost, potrjeno s strani najpomembnej\u0161ih neodvisnih evropskih institucij. Od svetovanja, do hitre monta\u017ee.\",\"breadcrumb\":{\"@id\":\"https:\\\/\\\/si.orcaenergy.eu\\\/de\\\/warmepumpe\\\/#breadcrumb\"},\"inLanguage\":\"de\",\"potentialAction\":[{\"@type\":\"ReadAction\",\"target\":[\"https:\\\/\\\/si.orcaenergy.eu\\\/de\\\/warmepumpe\\\/\"]}]},{\"@type\":\"BreadcrumbList\",\"@id\":\"https:\\\/\\\/si.orcaenergy.eu\\\/de\\\/warmepumpe\\\/#breadcrumb\",\"itemListElement\":[{\"@type\":\"ListItem\",\"position\":1,\"name\":\"Home\",\"item\":\"https:\\\/\\\/si.orcaenergy.eu\\\/de\\\/\"},{\"@type\":\"ListItem\",\"position\":2,\"name\":\"W\u00e4rmepumpe \u2013 Orca | Komfortable Heizung\"}]},{\"@type\":\"WebSite\",\"@id\":\"https:\\\/\\\/si.orcaenergy.eu\\\/de\\\/#website\",\"url\":\"https:\\\/\\\/si.orcaenergy.eu\\\/de\\\/\",\"name\":\"Orca Energija\",\"description\":\"Majhna sprememba. Veliki prihranki.\",\"potentialAction\":[{\"@type\":\"SearchAction\",\"target\":{\"@type\":\"EntryPoint\",\"urlTemplate\":\"https:\\\/\\\/si.orcaenergy.eu\\\/de\\\/?s={search_term_string}\"},\"query-input\":{\"@type\":\"PropertyValueSpecification\",\"valueRequired\":true,\"valueName\":\"search_term_string\"}}],\"inLanguage\":\"de\"}]}<\/script>\n<!-- \/ Yoast SEO plugin. -->","yoast_head_json":{"title":"W\u00e4rmepumpe \u2013 Orca | Komfortable Heizung","description":"Toplotna \u010drpalka Orca - izberite kakovost, potrjeno s strani najpomembnej\u0161ih neodvisnih evropskih institucij. Od svetovanja, do hitre monta\u017ee.","robots":{"index":"index","follow":"follow","max-snippet":"max-snippet:-1","max-image-preview":"max-image-preview:large","max-video-preview":"max-video-preview:-1"},"canonical":"https:\/\/si.orcaenergy.eu\/de\/warmepumpe\/","og_locale":"de_DE","og_type":"article","og_title":"W\u00e4rmepumpe \u2013 Orca | Komfortable Heizung","og_description":"Toplotna \u010drpalka Orca - izberite kakovost, potrjeno s strani najpomembnej\u0161ih neodvisnih evropskih institucij. Od svetovanja, do hitre monta\u017ee.","og_url":"https:\/\/si.orcaenergy.eu\/de\/warmepumpe\/","og_site_name":"Orca Energija","article_modified_time":"2023-02-27T08:38:55+00:00","twitter_card":"summary_large_image","twitter_misc":{"Gesch\u00e4tzte Lesezeit":"6\u00a0Minuten"},"schema":{"@context":"https:\/\/schema.org","@graph":[{"@type":"WebPage","@id":"https:\/\/si.orcaenergy.eu\/de\/warmepumpe\/","url":"https:\/\/si.orcaenergy.eu\/de\/warmepumpe\/","name":"W\u00e4rmepumpe \u2013 Orca | Komfortable Heizung","isPartOf":{"@id":"https:\/\/si.orcaenergy.eu\/de\/#website"},"datePublished":"2021-04-03T06:56:37+00:00","dateModified":"2023-02-27T08:38:55+00:00","description":"Toplotna \u010drpalka Orca - izberite kakovost, potrjeno s strani najpomembnej\u0161ih neodvisnih evropskih institucij. Od svetovanja, do hitre monta\u017ee.","breadcrumb":{"@id":"https:\/\/si.orcaenergy.eu\/de\/warmepumpe\/#breadcrumb"},"inLanguage":"de","potentialAction":[{"@type":"ReadAction","target":["https:\/\/si.orcaenergy.eu\/de\/warmepumpe\/"]}]},{"@type":"BreadcrumbList","@id":"https:\/\/si.orcaenergy.eu\/de\/warmepumpe\/#breadcrumb","itemListElement":[{"@type":"ListItem","position":1,"name":"Home","item":"https:\/\/si.orcaenergy.eu\/de\/"},{"@type":"ListItem","position":2,"name":"W\u00e4rmepumpe \u2013 Orca | Komfortable Heizung"}]},{"@type":"WebSite","@id":"https:\/\/si.orcaenergy.eu\/de\/#website","url":"https:\/\/si.orcaenergy.eu\/de\/","name":"Orca Energija","description":"Majhna sprememba. Veliki prihranki.","potentialAction":[{"@type":"SearchAction","target":{"@type":"EntryPoint","urlTemplate":"https:\/\/si.orcaenergy.eu\/de\/?s={search_term_string}"},"query-input":{"@type":"PropertyValueSpecification","valueRequired":true,"valueName":"search_term_string"}}],"inLanguage":"de"}]}},"_links":{"self":[{"href":"https:\/\/si.orcaenergy.eu\/de\/wp-json\/wp\/v2\/pages\/11983","targetHints":{"allow":["GET"]}}],"collection":[{"href":"https:\/\/si.orcaenergy.eu\/de\/wp-json\/wp\/v2\/pages"}],"about":[{"href":"https:\/\/si.orcaenergy.eu\/de\/wp-json\/wp\/v2\/types\/page"}],"author":[{"embeddable":true,"href":"https:\/\/si.orcaenergy.eu\/de\/wp-json\/wp\/v2\/users\/1"}],"replies":[{"embeddable":true,"href":"https:\/\/si.orcaenergy.eu\/de\/wp-json\/wp\/v2\/comments?post=11983"}],"version-history":[{"count":6,"href":"https:\/\/si.orcaenergy.eu\/de\/wp-json\/wp\/v2\/pages\/11983\/revisions"}],"predecessor-version":[{"id":12855,"href":"https:\/\/si.orcaenergy.eu\/de\/wp-json\/wp\/v2\/pages\/11983\/revisions\/12855"}],"wp:attachment":[{"href":"https:\/\/si.orcaenergy.eu\/de\/wp-json\/wp\/v2\/media?parent=11983"}],"curies":[{"name":"wp","href":"https:\/\/api.w.org\/{rel}","templated":true}]}}